{"id":2931,"date":"2017-06-26T02:25:07","date_gmt":"2017-06-26T02:25:07","guid":{"rendered":"http:\/\/larsbrokers.com\/quem-somos\/"},"modified":"2019-08-20T16:13:02","modified_gmt":"2019-08-20T16:13:02","slug":"quem-somos","status":"publish","type":"page","link":"https:\/\/larsbrokers.com\/pt-br\/quem-somos\/","title":{"rendered":"Quem Somos"},"content":{"rendered":"<p><div class=\"fusion-fullwidth fullwidth-box fusion-builder-row-1 nonhundred-percent-fullwidth non-hundred-percent-height-scrolling\" style=\"--awb-background-position:left top;--awb-border-radius-top-left:0px;--awb-border-radius-top-right:0px;--awb-border-radius-bottom-right:0px;--awb-border-radius-bottom-left:0px;--awb-padding-top:20px;--awb-padding-bottom:20px;--awb-border-sizes-top:0px;--awb-border-sizes-bottom:0px;\" ><div class=\"fusion-builder-row fusion-row\"><div class=\"fusion-layout-column fusion_builder_column fusion-builder-column-0 fusion_builder_column_1_1 1_1 fusion-one-full fusion-column-first fusion-column-last\" style=\"--awb-bg-size:cover;\"><div class=\"fusion-column-wrapper fusion-flex-column-wrapper-legacy\"><div class=\"fusion-text fusion-text-1\"><p style=\"text-align: center; font-weight: bold; font-size: 30px;\">Somos a principal rede latino-americana de corretores de seguros independentes<\/p>\n<\/div><div class=\"fusion-text fusion-text-2\"><p style=\"text-align: center;\">Temos uma ampla carteira de clientes compartilhados e composto por vinte membros e com representa\u00e7\u00e3o em todos os pa\u00edses da Am\u00e9rica Latina e do Caribe de l\u00edngua espanhola, dois membros de fora desta Regi\u00e3o e v\u00e1rios membros do Recursos Globais. Nosso objetivo \u00e9 oferecer um servi\u00e7o altamente qualificado, garantindo assim uma cobertura adequada dos riscos dos nossos segurados, seguindo padr\u00f5es de qualidade uniformes em todos os pa\u00edses onde estamos atividades.<\/p>\n<p style=\"text-align: center;\">O que nos diferencia \u00e9 a nossa voca\u00e7\u00e3o na presta\u00e7\u00e3o de servi\u00e7os, aliado a uma atitude inovadora na elabora\u00e7\u00e3o de solu\u00e7\u00f5es sob medida para a realidade de cada cliente, o que nos torna uma alternativa efetiva para empresas com perfil Multi-Latina.<i>\u00a0<\/i><\/p>\n<\/div><div class=\"fusion-clearfix\"><\/div><\/div><\/div><\/div><\/div><div class=\"fusion-fullwidth fullwidth-box fusion-builder-row-2 nonhundred-percent-fullwidth non-hundred-percent-height-scrolling\" style=\"--awb-background-position:left top;--awb-border-radius-top-left:0px;--awb-border-radius-top-right:0px;--awb-border-radius-bottom-right:0px;--awb-border-radius-bottom-left:0px;--awb-padding-top:80px;--awb-padding-bottom:0px;--awb-background-color:#f2f2f2;--awb-border-sizes-top:0px;--awb-border-sizes-bottom:0px;\" ><div class=\"fusion-builder-row fusion-row\"><div class=\"fusion-layout-column fusion_builder_column fusion-builder-column-1 fusion_builder_column_1_6 1_6 fusion-one-sixth fusion-column-first fusion-no-small-visibility\" style=\"--awb-bg-size:cover;width:13.3333%; margin-right: 4%;\"><div class=\"fusion-column-wrapper fusion-flex-column-wrapper-legacy\"><div class=\"fusion-clearfix\"><\/div><\/div><\/div><div class=\"fusion-layout-column fusion_builder_column fusion-builder-column-2 fusion_builder_column_2_3 2_3 fusion-two-third\" style=\"--awb-bg-size:cover;width:65.3333%; margin-right: 4%;\"><div class=\"fusion-column-wrapper fusion-flex-column-wrapper-legacy\"><div class=\"fusion-text fusion-text-3\"><p style=\"font-size: 30px; line-height: 48px; font-weight: 300; text-align: center;\"><span style=\"color: #191919;\">Assine a nossa newsletter<\/span><\/p>\n<\/div><div class=\"fusion-text fusion-text-4\">\n<div class=\"wpcf7 no-js\" id=\"wpcf7-f2924-o1\" lang=\"en-US\" dir=\"ltr\" data-wpcf7-id=\"2924\">\n<div class=\"screen-reader-response\"><p role=\"status\" aria-live=\"polite\" aria-atomic=\"true\"><\/p> <ul><\/ul><\/div>\n<form action=\"\/pt-br\/wp-json\/wp\/v2\/pages\/2931#wpcf7-f2924-o1\" method=\"post\" class=\"wpcf7-form init\" aria-label=\"Contact form\" novalidate=\"novalidate\" data-status=\"init\">\n<fieldset class=\"hidden-fields-container\"><input type=\"hidden\" name=\"_wpcf7\" value=\"2924\" \/><input type=\"hidden\" name=\"_wpcf7_version\" value=\"6.1.5\" \/><input type=\"hidden\" name=\"_wpcf7_locale\" value=\"en_US\" \/><input type=\"hidden\" name=\"_wpcf7_unit_tag\" value=\"wpcf7-f2924-o1\" \/><input type=\"hidden\" name=\"_wpcf7_container_post\" value=\"0\" \/><input type=\"hidden\" name=\"_wpcf7_posted_data_hash\" value=\"\" \/>\n<\/fieldset>\n<div class=\"fusion-two-third fusion-layout-column fusion-spacing-yes\">\n\t<p><span class=\"wpcf7-form-control-wrap\" data-name=\"your-email\"><input size=\"40\" maxlength=\"400\" class=\"wpcf7-form-control wpcf7-email wpcf7-validates-as-required wpcf7-text wpcf7-validates-as-email\" aria-required=\"true\" aria-invalid=\"false\" placeholder=\"Email\" value=\"\" type=\"email\" name=\"your-email\" \/><\/span>\n\t<\/p>\n<\/div>\n<div id=\"newsletter-button\" class=\"fusion-one-third fusion-layout-column fusion-column-last fusion-spacing-yes\">\n\t<p><input class=\"wpcf7-form-control wpcf7-submit has-spinner\" type=\"submit\" value=\"Enviar\" \/>\n\t<\/p>\n<\/div><div class=\"fusion-alert alert custom alert-custom fusion-alert-center wpcf7-response-output fusion-alert-capitalize alert-dismissable\" style=\"--awb-border-size:1px;\" role=\"alert\"><div class=\"fusion-alert-content-wrapper\"><span class=\"fusion-alert-content\"><\/span><\/div><button type=\"button\" class=\"close toggle-alert\" data-dismiss=\"alert\" aria-label=\"Close\">&times;<\/button><\/div>\n<\/form>\n<\/div>\n\n<\/div><div class=\"fusion-clearfix\"><\/div><\/div><\/div><div class=\"fusion-layout-column fusion_builder_column fusion-builder-column-3 fusion_builder_column_1_6 1_6 fusion-one-sixth fusion-column-last fusion-no-small-visibility\" style=\"--awb-bg-size:cover;width:13.3333%;\"><div class=\"fusion-column-wrapper fusion-flex-column-wrapper-legacy\"><div class=\"fusion-clearfix\"><\/div><\/div><\/div><\/div><\/div><\/p>\n","protected":false},"excerpt":{"rendered":"","protected":false},"author":1,"featured_media":0,"parent":0,"menu_order":0,"comment_status":"closed","ping_status":"closed","template":"100-width.php","meta":{"footnotes":""},"class_list":["post-2931","page","type-page","status-publish","hentry"],"_links":{"self":[{"href":"https:\/\/larsbrokers.com\/pt-br\/wp-json\/wp\/v2\/pages\/2931","targetHints":{"allow":["GET"]}}],"collection":[{"href":"https:\/\/larsbrokers.com\/pt-br\/wp-json\/wp\/v2\/pages"}],"about":[{"href":"https:\/\/larsbrokers.com\/pt-br\/wp-json\/wp\/v2\/types\/page"}],"author":[{"embeddable":true,"href":"https:\/\/larsbrokers.com\/pt-br\/wp-json\/wp\/v2\/users\/1"}],"replies":[{"embeddable":true,"href":"https:\/\/larsbrokers.com\/pt-br\/wp-json\/wp\/v2\/comments?post=2931"}],"version-history":[{"count":5,"href":"https:\/\/larsbrokers.com\/pt-br\/wp-json\/wp\/v2\/pages\/2931\/revisions"}],"predecessor-version":[{"id":3907,"href":"https:\/\/larsbrokers.com\/pt-br\/wp-json\/wp\/v2\/pages\/2931\/revisions\/3907"}],"wp:attachment":[{"href":"https:\/\/larsbrokers.com\/pt-br\/wp-json\/wp\/v2\/media?parent=2931"}],"curies":[{"name":"wp","href":"https:\/\/api.w.org\/{rel}","templated":true}]}}